{"id":2187,"date":"2024-04-21T20:21:11","date_gmt":"2024-04-22T00:21:11","guid":{"rendered":"https:\/\/deliciascelestialespr.com\/?page_id=2187"},"modified":"2024-04-25T23:16:50","modified_gmt":"2024-04-26T03:16:50","slug":"blog","status":"publish","type":"page","link":"https:\/\/deliciascelestialespr.com\/index.php\/blog\/","title":{"rendered":"Blog"},"content":{"rendered":"\n<div class=\"wp-block-uagb-container uagb-block-e3fbacbb alignfull uagb-is-root-container\"><div class=\"uagb-container-inner-blocks-wrap\">\n<div class=\"wp-block-uagb-info-box uagb-block-dad8622f uagb-infobox__content-wrap  uagb-infobox-icon-above-title uagb-infobox-image-valign-top\"><div class=\"uagb-ifb-content\"><div class=\"uagb-ifb-title-wrap\"><h1 class=\"uagb-ifb-title\">Blog<\/h1><\/div><p class=\"uagb-ifb-desc\">Noticias y algo m\u00e1s<\/p><\/div><\/div>\n<\/div><\/div>\n\n\n\n<section class=\"wp-block-uagb-container uagb-block-68b8734c alignwide uagb-is-root-container\">\n<div class=\"wp-block-uagb-container uagb-block-4dcb046d\">\n<div class=\"wp-block-media-text alignwide is-stacked-on-mobile is-vertically-aligned-center\" style=\"grid-template-columns:53% auto\"><figure class=\"wp-block-media-text__media\"><video controls src=\"https:\/\/deliciascelestialespr.com\/wp-content\/uploads\/2024\/04\/entrevista.mp4\"><\/video><\/figure><div class=\"wp-block-media-text__content\">\n<p class=\"has-text-align-left has-medium-font-size\">Carolina PR. Le da la bienvenida a el primer kiosco de Flanes artesanales y Caf\u00e9. En las facilidades de San Fernando Plaza, su nombre es: Delicias Celestiales. Abrir\u00e1 sus puertas el jueves 11 de Abril.<\/p>\n<\/div><\/div>\n<\/div>\n\n\n\n<div class=\"wp-block-uagb-container uagb-block-8afb9c97\">\n<figure class=\"wp-block-embed is-type-wp-embed is-provider-municipio-de-carolina wp-block-embed-municipio-de-carolina\" style=\"margin-top:0;margin-right:0;margin-bottom:0;margin-left:0\"><div class=\"wp-block-embed__wrapper\">\n<blockquote class=\"wp-embedded-content\" data-secret=\"xH20HLoe9T\"><a href=\"https:\/\/www.municipiocarolina.com\/delicias-celestiales-abre-sus-puertas-en-el-san-fernando-plaza-de-carolina\/\">Delicias Celestiales abre sus puertas en el San Fernando Plaza de Carolina<\/a><\/blockquote><iframe class=\"wp-embedded-content\" sandbox=\"allow-scripts\" security=\"restricted\" style=\"position: absolute; visibility: hidden;\" title=\"\u00abDelicias Celestiales abre sus puertas en el San Fernando Plaza de Carolina\u00bb \u2014 Municipio de Carolina\" src=\"https:\/\/www.municipiocarolina.com\/delicias-celestiales-abre-sus-puertas-en-el-san-fernando-plaza-de-carolina\/embed\/#?secret=huPOWFyec5#?secret=xH20HLoe9T\" data-secret=\"xH20HLoe9T\" width=\"500\" height=\"282\" frameborder=\"0\" marginwidth=\"0\" marginheight=\"0\" scrolling=\"no\"><\/iframe>\n<\/div><\/figure>\n<\/div>\n<\/section>\n\n\n\n<section class=\"wp-block-uagb-container uagb-block-49f92c4d alignwide uagb-is-root-container\">\n<div class=\"wp-block-uagb-container uagb-block-db5148bb\">\n<figure class=\"wp-block-embed is-type-wp-embed is-provider-deliciascelestialespr-com wp-block-embed-deliciascelestialespr-com\" style=\"margin-top:0;margin-right:0;margin-bottom:0;margin-left:0\"><div class=\"wp-block-embed__wrapper\">\n<blockquote class=\"wp-embedded-content\" data-secret=\"pcgcFQldl8\"><a href=\"https:\/\/deliciascelestialespr.com\/index.php\/2024\/04\/21\/delicias-celestiales-inaugura-local-en-plaza-san-fernando-carolina\/\">Delicias Celestiales inaugura local en Plaza San Fernando, Carolina<\/a><\/blockquote><iframe class=\"wp-embedded-content\" sandbox=\"allow-scripts\" security=\"restricted\" style=\"position: absolute; visibility: hidden;\" title=\"&#8220;Delicias Celestiales inaugura local en Plaza San Fernando, Carolina&#8221; &#8212; deliciascelestialespr.com\" src=\"https:\/\/deliciascelestialespr.com\/index.php\/2024\/04\/21\/delicias-celestiales-inaugura-local-en-plaza-san-fernando-carolina\/embed\/#?secret=6m91aAnzLa#?secret=pcgcFQldl8\" data-secret=\"pcgcFQldl8\" width=\"500\" height=\"282\" frameborder=\"0\" marginwidth=\"0\" marginheight=\"0\" scrolling=\"no\"><\/iframe>\n<\/div><\/figure>\n<\/div>\n\n\n\n<div class=\"wp-block-uagb-container uagb-block-e751679c\"><\/div>\n<\/section>\n\n\n\n<div class=\"wp-block-uagb-container uagb-layout-grid uagb-block-20484b6d default uagb-is-root-container\">\n<div class=\"wp-block-uagb-container uagb-layout-grid uagb-block-f9561cf5\"><\/div>\n<\/div>\n\n\n\n<div class=\"wp-block-uagb-container uagb-block-e0319565 alignfull uagb-is-root-container\"><div class=\"uagb-container-inner-blocks-wrap\">\n<div class=\"wp-block-uagb-advanced-heading uagb-block-cf0a4f9e\"><h3 class=\"uagb-heading-text\">Contamos con la certificaci\u00f3n y apoyo de:<\/h3><\/div>\n\n\n\n<div class=\"wp-block-uagb-container uagb-block-4d7efbbe\">\n<div class=\"wp-block-uagb-image aligncenter uagb-block-4d7f7b44 wp-block-uagb-image--layout-default wp-block-uagb-image--effect-static wp-block-uagb-image--align-center\"><figure class=\"wp-block-uagb-image__figure\"><img decoding=\"async\" srcset=\"https:\/\/deliciascelestialespr.com\/wp-content\/uploads\/2023\/11\/LOGO_CERTIFICACION_480x480.png ,https:\/\/deliciascelestialespr.com\/wp-content\/uploads\/2023\/11\/LOGO_CERTIFICACION_480x480.png 780w, https:\/\/deliciascelestialespr.com\/wp-content\/uploads\/2023\/11\/LOGO_CERTIFICACION_480x480.png 360w\" sizes=\"auto, (max-width: 480px) 150px\" src=\"https:\/\/deliciascelestialespr.com\/wp-content\/uploads\/2023\/11\/LOGO_CERTIFICACION_480x480.png\" alt=\"\" class=\"uag-image-2104\" width=\"74\" height=\"120\" title=\"\" loading=\"lazy\" role=\"img\"\/><\/figure><\/div>\n\n\n\n<div class=\"wp-block-uagb-image aligncenter uagb-block-d47bf5e7 wp-block-uagb-image--layout-default wp-block-uagb-image--effect-static wp-block-uagb-image--align-center\"><figure class=\"wp-block-uagb-image__figure\"><img decoding=\"async\" srcset=\"https:\/\/deliciascelestialespr.com\/wp-content\/uploads\/2023\/11\/logo_carolina-1024x946.png ,https:\/\/deliciascelestialespr.com\/wp-content\/uploads\/2023\/11\/logo_carolina.png 780w, https:\/\/deliciascelestialespr.com\/wp-content\/uploads\/2023\/11\/logo_carolina.png 360w\" sizes=\"auto, (max-width: 480px) 150px\" src=\"https:\/\/deliciascelestialespr.com\/wp-content\/uploads\/2023\/11\/logo_carolina-1024x946.png\" alt=\"\" class=\"uag-image-2105\" width=\"120\" height=\"120\" title=\"\" loading=\"lazy\" role=\"img\"\/><\/figure><\/div>\n\n\n\n<div class=\"wp-block-uagb-image aligncenter uagb-block-bbbae6aa wp-block-uagb-image--layout-default wp-block-uagb-image--effect-static wp-block-uagb-image--align-center\"><figure class=\"wp-block-uagb-image__figure\"><img decoding=\"async\" srcset=\"https:\/\/deliciascelestialespr.com\/wp-content\/uploads\/2023\/11\/Blue-Sapphire-Capital-logo-01-1024x770.png ,https:\/\/deliciascelestialespr.com\/wp-content\/uploads\/2023\/11\/Blue-Sapphire-Capital-logo-01.png 780w, https:\/\/deliciascelestialespr.com\/wp-content\/uploads\/2023\/11\/Blue-Sapphire-Capital-logo-01.png 360w\" sizes=\"auto, (max-width: 480px) 150px\" src=\"https:\/\/deliciascelestialespr.com\/wp-content\/uploads\/2023\/11\/Blue-Sapphire-Capital-logo-01-1024x770.png\" alt=\"\" class=\"uag-image-2107\" width=\"150\" height=\"120\" title=\"\" loading=\"lazy\" role=\"img\"\/><\/figure><\/div>\n<\/div>\n<\/div><\/div>\n","protected":false},"excerpt":{"rendered":"<p>Carolina PR. Le da la bienvenida a el primer kiosco de Flanes artesanales y Caf\u00e9. En las facilidades de San Fernando Plaza, su nombre es: Delicias Celestiales. Abrir\u00e1 sus puertas el jueves 11 de Abril. Contamos con la certificaci\u00f3n y apoyo de:<\/p>\n","protected":false},"author":1,"featured_media":0,"parent":0,"menu_order":0,"comment_status":"closed","ping_status":"closed","template":"","meta":{"_uag_custom_page_level_css":"","site-sidebar-layout":"no-sidebar","site-content-layout":"plain-container","ast-site-content-layout":"normal-width-container","site-content-style":"unboxed","site-sidebar-style":"unboxed","ast-global-header-display":"","ast-banner-title-visibility":"","ast-main-header-display":"","ast-hfb-above-header-display":"","ast-hfb-below-header-display":"","ast-hfb-mobile-header-display":"","site-post-title":"disabled","ast-breadcrumbs-content":"","ast-featured-img":"disabled","footer-sml-layout":"","ast-disable-related-posts":"","theme-transparent-header-meta":"enabled","adv-header-id-meta":"","stick-header-meta":"","header-above-stick-meta":"","header-main-stick-meta":"","header-below-stick-meta":"","astra-migrate-meta-layouts":"set","ast-page-background-enabled":"default","ast-page-background-meta":{"desktop":{"background-color":"","background-image":"","background-repeat":"repeat","background-position":"center center","background-size":"auto","background-attachment":"scroll","background-type":"","background-media":"","overlay-type":"","overlay-color":"","overlay-opacity":"","overlay-gradient":""},"tablet":{"background-color":"","background-image":"","background-repeat":"repeat","background-position":"center center","background-size":"auto","background-attachment":"scroll","background-type":"","background-media":"","overlay-type":"","overlay-color":"","overlay-opacity":"","overlay-gradient":""},"mobile":{"background-color":"","background-image":"","background-repeat":"repeat","background-position":"center center","background-size":"auto","background-attachment":"scroll","background-type":"","background-media":"","overlay-type":"","overlay-color":"","overlay-opacity":"","overlay-gradient":""}},"ast-content-background-meta":{"desktop":{"background-color":"var(--ast-global-color-5)","background-image":"","background-repeat":"repeat","background-position":"center center","background-size":"auto","background-attachment":"scroll","background-type":"","background-media":"","overlay-type":"","overlay-color":"","overlay-opacity":"","overlay-gradient":""},"tablet":{"background-color":"var(--ast-global-color-5)","background-image":"","background-repeat":"repeat","background-position":"center center","background-size":"auto","background-attachment":"scroll","background-type":"","background-media":"","overlay-type":"","overlay-color":"","overlay-opacity":"","overlay-gradient":""},"mobile":{"background-color":"var(--ast-global-color-5)","background-image":"","background-repeat":"repeat","background-position":"center center","background-size":"auto","background-attachment":"scroll","background-type":"","background-media":"","overlay-type":"","overlay-color":"","overlay-opacity":"","overlay-gradient":""}},"footnotes":""},"class_list":["post-2187","page","type-page","status-publish","hentry"],"uagb_featured_image_src":{"full":false,"thumbnail":false,"medium":false,"medium_large":false,"large":false,"1536x1536":false,"2048x2048":false},"uagb_author_info":{"display_name":"Delicia Celestiales PR","author_link":"https:\/\/deliciascelestialespr.com\/index.php\/author\/urielgrullongmail-com\/"},"uagb_comment_info":0,"uagb_excerpt":"Carolina PR. Le da la bienvenida a el primer kiosco de Flanes artesanales y Caf\u00e9. En las facilidades de San Fernando Plaza, su nombre es: Delicias Celestiales. Abrir\u00e1 sus puertas el jueves 11 de Abril. Contamos con la certificaci\u00f3n y apoyo de:","_links":{"self":[{"href":"https:\/\/deliciascelestialespr.com\/index.php\/wp-json\/wp\/v2\/pages\/2187","targetHints":{"allow":["GET"]}}],"collection":[{"href":"https:\/\/deliciascelestialespr.com\/index.php\/wp-json\/wp\/v2\/pages"}],"about":[{"href":"https:\/\/deliciascelestialespr.com\/index.php\/wp-json\/wp\/v2\/types\/page"}],"author":[{"embeddable":true,"href":"https:\/\/deliciascelestialespr.com\/index.php\/wp-json\/wp\/v2\/users\/1"}],"replies":[{"embeddable":true,"href":"https:\/\/deliciascelestialespr.com\/index.php\/wp-json\/wp\/v2\/comments?post=2187"}],"version-history":[{"count":0,"href":"https:\/\/deliciascelestialespr.com\/index.php\/wp-json\/wp\/v2\/pages\/2187\/revisions"}],"wp:attachment":[{"href":"https:\/\/deliciascelestialespr.com\/index.php\/wp-json\/wp\/v2\/media?parent=2187"}],"curies":[{"name":"wp","href":"https:\/\/api.w.org\/{rel}","templated":true}]}}